{"id":5736,"date":"2024-04-15T10:01:08","date_gmt":"2024-04-15T08:01:08","guid":{"rendered":"https:\/\/www.sorrentoseatours.com\/?page_id=5736"},"modified":"2024-07-12T11:22:23","modified_gmt":"2024-07-12T09:22:23","slug":"best-seller","status":"publish","type":"page","link":"https:\/\/positano-seatours.com\/es\/best-seller\/","title":{"rendered":"Best seller"},"content":{"rendered":"<section class=\"l-section wpb_row height_huge color_primary\"><div class=\"l-section-overlay\" style=\"background:rgba(26,26,26,0.3)\"><\/div><div class=\"l-section-h i-cf\"><div class=\"g-cols vc_row via_flex valign_top type_default stacking_default\"><div class=\"vc_col-sm-6 vc_hidden-lg vc_hidden-md wpb_column vc_column_container\"><div class=\"vc_column-inner\"><div class=\"wpb_wrapper\"><div class=\"w-separator size_custom\" style=\"height:150px\"><\/div><\/div><\/div><\/div><div class=\"vc_col-sm-6 wpb_column vc_column_container\"><div class=\"vc_column-inner\"><div class=\"wpb_wrapper\"><\/div><\/div><\/div><\/div><\/div><\/section><!-- Row Backgrounds --><div class=\"upb_bg_img\" data-ultimate-bg=\"url(https:\/\/positano-seatours.com\/wp-content\/uploads\/2019\/03\/capri-home-slide.jpg)\" data-image-id=\"id^39|url^https:\/\/sorrentoseatours.com\/wp-content\/uploads\/2019\/03\/capri-home-slide.jpg|caption^null|alt^null|title^capri-home-slide|description^null\" data-ultimate-bg-style=\"vcpb-default\" data-bg-img-repeat=\"repeat\" data-bg-img-size=\"cover\" data-bg-img-position=\"\" data-parallx_sense=\"30\" data-bg-override=\"0\" data-bg_img_attach=\"scroll\" data-upb-overlay-color=\"\" data-upb-bg-animation=\"\" data-fadeout=\"\" data-bg-animation=\"left-animation\" data-bg-animation-type=\"h\" data-animation-repeat=\"repeat\" data-fadeout-percentage=\"30\" data-parallax-content=\"\" data-parallax-content-sense=\"30\" data-row-effect-mobile-disable=\"true\" data-img-parallax-mobile-disable=\"true\" data-rtl=\"false\"  data-custom-vc-row=\"\"  data-vc=\"7.6\"  data-is_old_vc=\"\"  data-theme-support=\"\"   data-overlay=\"false\" data-overlay-color=\"\" data-overlay-pattern=\"\" data-overlay-pattern-opacity=\"\" data-overlay-pattern-size=\"\"    data-seperator=\"true\"  data-seperator-type=\"circle_svg_seperator\"  data-seperator-shape-size=\"40\"  data-seperator-svg-height=\"80\"  data-seperator-full-width=\"true\" data-seperator-position=\"bottom_seperator\"  data-seperator-background-color=\"#fff\"  data-icon=\"&lt;div class=&quot;ult-just-icon-wrapper  &quot;&gt;&lt;div class=&quot;align-icon&quot; style=&quot;text-align:center;&quot;&gt;\n&lt;div class=&quot;aio-icon-img &quot; style=&quot;font-size:80px;display:inline-block;&quot; &gt;\n\t&lt;img class=&quot;img-icon&quot; alt=&quot;null&quot; src=&quot;https:\/\/positano-seatours.com\/wp-content\/uploads\/2021\/12\/Tour@2x.png&quot;\/&gt;\n&lt;\/div&gt;&lt;\/div&gt;&lt;\/div&gt;\"  ><\/div><section class=\"l-section wpb_row height_medium\"><div class=\"l-section-h i-cf\"><div class=\"g-cols vc_row via_flex valign_top type_default stacking_default\" style=\"--additional-gap:20px;\"><div class=\"vc_col-sm-2 wpb_column vc_column_container\"><div class=\"vc_column-inner\"><div class=\"wpb_wrapper\"><\/div><\/div><\/div><div class=\"vc_col-sm-8 wpb_column vc_column_container\"><div class=\"vc_column-inner\"><div class=\"wpb_wrapper\"><div class=\"wpb_text_column\"><div class=\"wpb_wrapper\"><h4 style=\"text-align: center;\">Solo cierra los ojos y experimenta nuestra<\/h4>\n<\/div><\/div><div class=\"wpb_text_column\"><div class=\"wpb_wrapper\"><h1 style=\"text-align: center;\"><strong>FLOTA INCRE\u00cdBLE<\/strong><\/h1>\n<\/div><\/div><div class=\"w-separator size_custom with_line width_30 thick_1 style_solid color_secondary align_center\" style=\"height:48px\" id=\"a962\"><style>@media(max-width:600px){ #a962{height:24px!important}}<\/style><div class=\"w-separator-h\"><\/div><\/div><div class=\"w-separator size_custom\" style=\"height:8px\" id=\"ua07\"><style>@media(max-width:600px){ #ua07{height:0!important}}<\/style><\/div><\/div><\/div><\/div><div class=\"vc_col-sm-2 vc_hidden-xs wpb_column vc_column_container\"><div class=\"vc_column-inner\"><div class=\"wpb_wrapper\"><\/div><\/div><\/div><div class=\"vc_col-sm-2 vc_hidden-xs wpb_column vc_column_container\"><div class=\"vc_column-inner\"><div class=\"wpb_wrapper\"><\/div><\/div><\/div><div class=\"vc_col-sm-4 wpb_column vc_column_container\"><div class=\"vc_column-inner\"><div class=\"wpb_wrapper\"><div class=\"g-cols wpb_row us_custom_04570ec2 box-fleet via_flex valign_top type_default stacking_default\"><div class=\"vc_col-sm-12 wpb_column vc_column_container\"><div class=\"vc_column-inner us_custom_1dfdc494\"><div class=\"wpb_wrapper\"><div class=\"w-image us_custom_ce151634 img-fleet hide_on_default hide_on_laptops hide_on_tablets hide_on_mobiles align_center\"><div class=\"w-image-h\"><img decoding=\"async\" width=\"600\" height=\"400\" src=\"https:\/\/positano-seatours.com\/wp-content\/uploads\/2019\/03\/sparviero-600x400.jpg\" class=\"attachment-us_600_400_crop size-us_600_400_crop\" alt=\"\" loading=\"lazy\" srcset=\"https:\/\/positano-seatours.com\/wp-content\/uploads\/2019\/03\/sparviero-600x400.jpg 600w, https:\/\/positano-seatours.com\/wp-content\/uploads\/2019\/03\/sparviero-300x200.jpg 300w, https:\/\/positano-seatours.com\/wp-content\/uploads\/2019\/03\/sparviero-1024x683.jpg 1024w, https:\/\/positano-seatours.com\/wp-content\/uploads\/2019\/03\/sparviero.jpg 1080w\" sizes=\"(max-width: 600px) 100vw, 600px\" \/><\/div><\/div><div class=\"w-image us_custom_ce151634 img-fleet align_center\"><div class=\"w-image-h\"><img decoding=\"async\" width=\"600\" height=\"400\" src=\"https:\/\/positano-seatours.com\/wp-content\/uploads\/2024\/06\/Sparviero-Maresca-1.png\" class=\"attachment-us_600_400_crop size-us_600_400_crop\" alt=\"\" loading=\"lazy\" srcset=\"https:\/\/positano-seatours.com\/wp-content\/uploads\/2024\/06\/Sparviero-Maresca-1.png 600w, https:\/\/positano-seatours.com\/wp-content\/uploads\/2024\/06\/Sparviero-Maresca-1-300x200.png 300w\" sizes=\"(max-width: 600px) 100vw, 600px\" \/><\/div><\/div><div class=\"w-separator size_custom\" style=\"height:16px\"><\/div><div class=\"wpb_text_column\"><div class=\"wpb_wrapper\"><h2 style=\"text-align: center;\"><strong>Sparviero Maresca<\/strong><\/h2>\n<\/div><\/div><div class=\"w-separator size_custom\" style=\"height:16px\"><\/div><div class=\"w-image us_custom_80ae4da0 align_center\"><div class=\"w-image-h\"><img decoding=\"async\" width=\"575\" height=\"355\" src=\"https:\/\/positano-seatours.com\/wp-content\/uploads\/2024\/03\/Sparviero-Maresca-card@2x-1.png\" class=\"attachment-full size-full\" alt=\"\" loading=\"lazy\" srcset=\"https:\/\/positano-seatours.com\/wp-content\/uploads\/2024\/03\/Sparviero-Maresca-card@2x-1.png 575w, https:\/\/positano-seatours.com\/wp-content\/uploads\/2024\/03\/Sparviero-Maresca-card@2x-1-300x185.png 300w\" sizes=\"(max-width: 575px) 100vw, 575px\" \/><\/div><\/div><div class=\"w-separator size_custom\" style=\"height:16px\"><\/div><div class=\"w-btn-wrapper align_center\"><a class=\"w-btn us-btn-style_3 us_custom_f4397b66\" title=\"Sparviero Maresca\" href=\"https:\/\/sorrentoseatours.com\/our-fleet\/sparviero-maresca\/\"><span class=\"w-btn-label\">DESCUBRE M\u00c1S<\/span><\/a><\/div><div class=\"w-separator size_custom\" style=\"height:32px\"><\/div><\/div><\/div><\/div><\/div><\/div><\/div><\/div><div class=\"vc_col-sm-4 wpb_column vc_column_container\"><div class=\"vc_column-inner\"><div class=\"wpb_wrapper\"><div class=\"g-cols wpb_row us_custom_04570ec2 box-fleet via_flex valign_top type_default stacking_default\"><div class=\"vc_col-sm-12 wpb_column vc_column_container\"><div class=\"vc_column-inner us_custom_1dfdc494\"><div class=\"wpb_wrapper\"><div class=\"w-image us_custom_ce151634 img-fleet align_center\"><div class=\"w-image-h\"><img decoding=\"async\" width=\"600\" height=\"400\" src=\"https:\/\/positano-seatours.com\/wp-content\/uploads\/2019\/03\/755a25_3a289b22ff894193abfa00fe4c199a67mv2-600x400.jpg\" class=\"attachment-us_600_400_crop size-us_600_400_crop\" alt=\"\" loading=\"lazy\" srcset=\"https:\/\/positano-seatours.com\/wp-content\/uploads\/2019\/03\/755a25_3a289b22ff894193abfa00fe4c199a67mv2-600x401.jpg 600w, https:\/\/positano-seatours.com\/wp-content\/uploads\/2019\/03\/755a25_3a289b22ff894193abfa00fe4c199a67mv2-300x200.jpg 300w, https:\/\/positano-seatours.com\/wp-content\/uploads\/2019\/03\/755a25_3a289b22ff894193abfa00fe4c199a67mv2-1024x684.jpg 1024w, https:\/\/positano-seatours.com\/wp-content\/uploads\/2019\/03\/755a25_3a289b22ff894193abfa00fe4c199a67mv2.jpg 1080w\" sizes=\"(max-width: 600px) 100vw, 600px\" \/><\/div><\/div><div class=\"w-separator size_custom\" style=\"height:16px\"><\/div><div class=\"wpb_text_column\"><div class=\"wpb_wrapper\"><h2 style=\"text-align: center;\"><strong>Itama 38<\/strong><\/h2>\n<\/div><\/div><div class=\"w-separator size_custom\" style=\"height:16px\"><\/div><div class=\"w-image us_custom_80ae4da0 align_center\"><div class=\"w-image-h\"><img decoding=\"async\" width=\"575\" height=\"354\" src=\"https:\/\/positano-seatours.com\/wp-content\/uploads\/2024\/03\/Itama-38-card@2x-1.png\" class=\"attachment-full size-full\" alt=\"\" loading=\"lazy\" srcset=\"https:\/\/positano-seatours.com\/wp-content\/uploads\/2024\/03\/Itama-38-card@2x-1.png 575w, https:\/\/positano-seatours.com\/wp-content\/uploads\/2024\/03\/Itama-38-card@2x-1-300x185.png 300w\" sizes=\"(max-width: 575px) 100vw, 575px\" \/><\/div><\/div><div class=\"w-separator size_custom\" style=\"height:16px\"><\/div><div class=\"w-btn-wrapper align_center\"><a class=\"w-btn us-btn-style_3 us_custom_f4397b66\" title=\"Itama 38\" href=\"https:\/\/sorrentoseatours.com\/our-fleet\/itama-38\/\"><span class=\"w-btn-label\">DESCUBRE M\u00c1S<\/span><\/a><\/div><div class=\"w-separator size_custom\" style=\"height:32px\"><\/div><\/div><\/div><\/div><\/div><\/div><\/div><\/div><div class=\"vc_col-sm-2 vc_hidden-xs wpb_column vc_column_container\"><div class=\"vc_column-inner\"><div class=\"wpb_wrapper\"><\/div><\/div><\/div><\/div><\/div><\/section>\n","protected":false},"excerpt":{"rendered":"Solo cierra los ojos y experimenta nuestra FLOTA INCRE\u00cdBLE Sparviero Maresca DESCUBRE M\u00c1SItama 38 DESCUBRE M\u00c1S","protected":false},"author":1,"featured_media":0,"parent":0,"menu_order":0,"comment_status":"closed","ping_status":"closed","template":"","meta":{"_acf_changed":false,"footnotes":""},"acf":[],"yoast_head":"<!-- This site is optimized with the Yoast SEO plugin v23.0 - https:\/\/yoast.com\/wordpress\/plugins\/seo\/ -->\n<title>Best seller - Sorrento Sea Tours<\/title>\n<meta name=\"robots\" content=\"noindex, follow, max-snippet:-1, max-image-preview:large, max-video-preview:-1\" \/>\n<meta property=\"og:locale\" content=\"es_ES\" \/>\n<meta property=\"og:type\" content=\"article\" \/>\n<meta property=\"og:title\" content=\"Best seller - Sorrento Sea Tours\" \/>\n<meta property=\"og:url\" content=\"https:\/\/positano-seatours.com\/es\/best-seller\/\" \/>\n<meta property=\"og:site_name\" content=\"Sorrento Sea Tours\" \/>\n<meta property=\"article:modified_time\" content=\"2024-07-12T09:22:23+00:00\" \/>\n<meta name=\"twitter:card\" content=\"summary_large_image\" \/>\n<meta name=\"twitter:label1\" content=\"Tiempo de lectura\" \/>\n\t<meta name=\"twitter:data1\" content=\"2 minutos\" \/>\n<script type=\"application\/ld+json\" class=\"yoast-schema-graph\">{\"@context\":\"https:\/\/schema.org\",\"@graph\":[{\"@type\":\"WebPage\",\"@id\":\"https:\/\/positano-seatours.com\/es\/best-seller\/\",\"url\":\"https:\/\/positano-seatours.com\/es\/best-seller\/\",\"name\":\"Best seller - Sorrento Sea Tours\",\"isPartOf\":{\"@id\":\"https:\/\/positano-seatours.com\/es\/#website\"},\"datePublished\":\"2024-04-15T08:01:08+00:00\",\"dateModified\":\"2024-07-12T09:22:23+00:00\",\"breadcrumb\":{\"@id\":\"https:\/\/positano-seatours.com\/es\/best-seller\/#breadcrumb\"},\"inLanguage\":\"es\",\"potentialAction\":[{\"@type\":\"ReadAction\",\"target\":[\"https:\/\/positano-seatours.com\/es\/best-seller\/\"]}]},{\"@type\":\"BreadcrumbList\",\"@id\":\"https:\/\/positano-seatours.com\/es\/best-seller\/#breadcrumb\",\"itemListElement\":[{\"@type\":\"ListItem\",\"position\":1,\"name\":\"Home\",\"item\":\"https:\/\/positano-seatours.com\/es\/\"},{\"@type\":\"ListItem\",\"position\":2,\"name\":\"Best seller\"}]},{\"@type\":\"WebSite\",\"@id\":\"https:\/\/positano-seatours.com\/es\/#website\",\"url\":\"https:\/\/positano-seatours.com\/es\/\",\"name\":\"Sorrento Sea Tours\",\"description\":\"\",\"potentialAction\":[{\"@type\":\"SearchAction\",\"target\":{\"@type\":\"EntryPoint\",\"urlTemplate\":\"https:\/\/positano-seatours.com\/es\/?s={search_term_string}\"},\"query-input\":\"required name=search_term_string\"}],\"inLanguage\":\"es\"}]}<\/script>\n<!-- \/ Yoast SEO plugin. -->","yoast_head_json":{"title":"Best seller - Sorrento Sea Tours","robots":{"index":"noindex","follow":"follow","max-snippet":"max-snippet:-1","max-image-preview":"max-image-preview:large","max-video-preview":"max-video-preview:-1"},"og_locale":"es_ES","og_type":"article","og_title":"Best seller - Sorrento Sea Tours","og_url":"https:\/\/positano-seatours.com\/es\/best-seller\/","og_site_name":"Sorrento Sea Tours","article_modified_time":"2024-07-12T09:22:23+00:00","twitter_card":"summary_large_image","twitter_misc":{"Tiempo de lectura":"2 minutos"},"schema":{"@context":"https:\/\/schema.org","@graph":[{"@type":"WebPage","@id":"https:\/\/positano-seatours.com\/es\/best-seller\/","url":"https:\/\/positano-seatours.com\/es\/best-seller\/","name":"Best seller - Sorrento Sea Tours","isPartOf":{"@id":"https:\/\/positano-seatours.com\/es\/#website"},"datePublished":"2024-04-15T08:01:08+00:00","dateModified":"2024-07-12T09:22:23+00:00","breadcrumb":{"@id":"https:\/\/positano-seatours.com\/es\/best-seller\/#breadcrumb"},"inLanguage":"es","potentialAction":[{"@type":"ReadAction","target":["https:\/\/positano-seatours.com\/es\/best-seller\/"]}]},{"@type":"BreadcrumbList","@id":"https:\/\/positano-seatours.com\/es\/best-seller\/#breadcrumb","itemListElement":[{"@type":"ListItem","position":1,"name":"Home","item":"https:\/\/positano-seatours.com\/es\/"},{"@type":"ListItem","position":2,"name":"Best seller"}]},{"@type":"WebSite","@id":"https:\/\/positano-seatours.com\/es\/#website","url":"https:\/\/positano-seatours.com\/es\/","name":"Sorrento Sea Tours","description":"","potentialAction":[{"@type":"SearchAction","target":{"@type":"EntryPoint","urlTemplate":"https:\/\/positano-seatours.com\/es\/?s={search_term_string}"},"query-input":"required name=search_term_string"}],"inLanguage":"es"}]}},"_links":{"self":[{"href":"https:\/\/positano-seatours.com\/es\/wp-json\/wp\/v2\/pages\/5736"}],"collection":[{"href":"https:\/\/positano-seatours.com\/es\/wp-json\/wp\/v2\/pages"}],"about":[{"href":"https:\/\/positano-seatours.com\/es\/wp-json\/wp\/v2\/types\/page"}],"author":[{"embeddable":true,"href":"https:\/\/positano-seatours.com\/es\/wp-json\/wp\/v2\/users\/1"}],"replies":[{"embeddable":true,"href":"https:\/\/positano-seatours.com\/es\/wp-json\/wp\/v2\/comments?post=5736"}],"version-history":[{"count":9,"href":"https:\/\/positano-seatours.com\/es\/wp-json\/wp\/v2\/pages\/5736\/revisions"}],"predecessor-version":[{"id":6446,"href":"https:\/\/positano-seatours.com\/es\/wp-json\/wp\/v2\/pages\/5736\/revisions\/6446"}],"wp:attachment":[{"href":"https:\/\/positano-seatours.com\/es\/wp-json\/wp\/v2\/media?parent=5736"}],"curies":[{"name":"wp","href":"https:\/\/api.w.org\/{rel}","templated":true}]}}